{"id":931,"date":"2023-10-02T17:56:17","date_gmt":"2023-10-02T17:56:17","guid":{"rendered":"https:\/\/aj-print-cut.si\/slo\/?page_id=931"},"modified":"2023-10-02T18:19:06","modified_gmt":"2023-10-02T18:19:06","slug":"vizitke","status":"publish","type":"page","link":"https:\/\/aj-print-cut.si\/index.php\/vizitke\/","title":{"rendered":"Vizitke"},"content":{"rendered":"\t\t<div data-elementor-type=\"wp-page\" data-elementor-id=\"931\" class=\"elementor elementor-931\">\n\t\t\t\t<div class=\"elementor-element elementor-element-6159999 e-flex e-con-boxed e-con e-parent\" data-id=\"6159999\" data-element_type=\"container\" data-e-type=\"container\">\n\t\t\t\t\t<div class=\"e-con-inner\">\n\t\t\t\t<div class=\"elementor-element elementor-element-0eaaecd elementor-widget elementor-widget-text-editor\" data-id=\"0eaaecd\" data-element_type=\"widget\" data-e-type=\"widget\" data-widget_type=\"text-editor.default\">\n\t\t\t\t<div class=\"elementor-widget-container\">\n\t\t\t\t\t\t\t\t\t<p style=\"text-align: center;\"><span style=\"color: #003366;\"><strong>Poslovne vizitke so nepogre\u0161ljive pri vzpostavljanju kontaktov s poslovnim partnerje. <\/strong><\/span><span style=\"color: #003366;\"><strong>Ponujamo klasi\u010dni tisk vizitk na 300g papirju,\u00a0 dimenzije 90X50 mm ali 85x55mm ali pa si velikost izberete sami.<\/strong><\/span><\/p><p style=\"text-align: center;\"><span style=\"color: #003366;\"><strong>Lahko pa izstopate in stranki ponudite elegantno ALUMINIJASTO vizitko dimenzije 84x54mm, z metalizirano sivo podlago in zaobljenimi robovi. <\/strong><\/span><span style=\"color: #003366;\"><strong>Izdelava vizitk je popolnoma odvisna od va\u0161ih zahtev in je prilagojena va\u0161im \u017eeljam.<\/strong><\/span><\/p>\t\t\t\t\t\t\t\t<\/div>\n\t\t\t\t<\/div>\n\t\t\t\t\t<\/div>\n\t\t\t\t<\/div>\n\t\t<div class=\"elementor-element elementor-element-ca600a8 e-grid e-con-boxed e-con e-parent\" data-id=\"ca600a8\" data-element_type=\"container\" data-e-type=\"container\">\n\t\t\t\t\t<div class=\"e-con-inner\">\n\t\t\t\t<div class=\"elementor-element elementor-element-ea4e2f5 elementor-widget elementor-widget-image\" data-id=\"ea4e2f5\" data-element_type=\"widget\" data-e-type=\"widget\" data-widget_type=\"image.default\">\n\t\t\t\t<div class=\"elementor-widget-container\">\n\t\t\t\t\t\t\t\t\t\t\t\t\t\t\t<img fetchpriority=\"high\" decoding=\"async\" width=\"1024\" height=\"768\" src=\"https:\/\/aj-print-cut.si\/wp-content\/uploads\/2023\/10\/20230219_233219-1024x768.jpg\" class=\"attachment-large size-large wp-image-677\" alt=\"\" srcset=\"https:\/\/aj-print-cut.si\/wp-content\/uploads\/2023\/10\/20230219_233219-1024x768.jpg 1024w, https:\/\/aj-print-cut.si\/wp-content\/uploads\/2023\/10\/20230219_233219-300x225.jpg 300w, https:\/\/aj-print-cut.si\/wp-content\/uploads\/2023\/10\/20230219_233219-768x576.jpg 768w\" sizes=\"(max-width: 1024px) 100vw, 1024px\" \/>\t\t\t\t\t\t\t\t\t\t\t\t\t\t\t<\/div>\n\t\t\t\t<\/div>\n\t\t\t\t<div class=\"elementor-element elementor-element-4f7d387 elementor-widget elementor-widget-image\" data-id=\"4f7d387\" data-element_type=\"widget\" data-e-type=\"widget\" data-widget_type=\"image.default\">\n\t\t\t\t<div class=\"elementor-widget-container\">\n\t\t\t\t\t\t\t\t\t\t\t\t\t\t\t<img decoding=\"async\" width=\"1024\" height=\"768\" src=\"https:\/\/aj-print-cut.si\/wp-content\/uploads\/2023\/10\/20230315_162514-1024x768.jpg\" class=\"attachment-large size-large wp-image-678\" alt=\"\" srcset=\"https:\/\/aj-print-cut.si\/wp-content\/uploads\/2023\/10\/20230315_162514-1024x768.jpg 1024w, https:\/\/aj-print-cut.si\/wp-content\/uploads\/2023\/10\/20230315_162514-300x225.jpg 300w, https:\/\/aj-print-cut.si\/wp-content\/uploads\/2023\/10\/20230315_162514-768x576.jpg 768w, https:\/\/aj-print-cut.si\/wp-content\/uploads\/2023\/10\/20230315_162514-1536x1152.jpg 1536w, https:\/\/aj-print-cut.si\/wp-content\/uploads\/2023\/10\/20230315_162514-2048x1536.jpg 2048w\" sizes=\"(max-width: 1024px) 100vw, 1024px\" \/>\t\t\t\t\t\t\t\t\t\t\t\t\t\t\t<\/div>\n\t\t\t\t<\/div>\n\t\t\t\t<div class=\"elementor-element elementor-element-aa07f61 elementor-widget elementor-widget-image\" data-id=\"aa07f61\" data-element_type=\"widget\" data-e-type=\"widget\" data-widget_type=\"image.default\">\n\t\t\t\t<div class=\"elementor-widget-container\">\n\t\t\t\t\t\t\t\t\t\t\t\t\t\t\t<img decoding=\"async\" width=\"1024\" height=\"768\" src=\"https:\/\/aj-print-cut.si\/wp-content\/uploads\/2023\/10\/20221020_220902-1024x768.jpg\" class=\"attachment-large size-large wp-image-676\" alt=\"\" srcset=\"https:\/\/aj-print-cut.si\/wp-content\/uploads\/2023\/10\/20221020_220902-1024x768.jpg 1024w, https:\/\/aj-print-cut.si\/wp-content\/uploads\/2023\/10\/20221020_220902-300x225.jpg 300w, https:\/\/aj-print-cut.si\/wp-content\/uploads\/2023\/10\/20221020_220902-768x576.jpg 768w, https:\/\/aj-print-cut.si\/wp-content\/uploads\/2023\/10\/20221020_220902-1536x1152.jpg 1536w, https:\/\/aj-print-cut.si\/wp-content\/uploads\/2023\/10\/20221020_220902-2048x1536.jpg 2048w\" sizes=\"(max-width: 1024px) 100vw, 1024px\" \/>\t\t\t\t\t\t\t\t\t\t\t\t\t\t\t<\/div>\n\t\t\t\t<\/div>\n\t\t\t\t<div class=\"elementor-element elementor-element-08bde76 elementor-widget elementor-widget-image\" data-id=\"08bde76\" data-element_type=\"widget\" data-e-type=\"widget\" data-widget_type=\"image.default\">\n\t\t\t\t<div class=\"elementor-widget-container\">\n\t\t\t\t\t\t\t\t\t\t\t\t\t\t\t<img loading=\"lazy\" decoding=\"async\" width=\"1024\" height=\"768\" src=\"https:\/\/aj-print-cut.si\/wp-content\/uploads\/2023\/10\/20220809_132622-1024x768.jpg\" class=\"attachment-large size-large wp-image-675\" alt=\"\" srcset=\"https:\/\/aj-print-cut.si\/wp-content\/uploads\/2023\/10\/20220809_132622-1024x768.jpg 1024w, https:\/\/aj-print-cut.si\/wp-content\/uploads\/2023\/10\/20220809_132622-300x225.jpg 300w, https:\/\/aj-print-cut.si\/wp-content\/uploads\/2023\/10\/20220809_132622-768x576.jpg 768w, https:\/\/aj-print-cut.si\/wp-content\/uploads\/2023\/10\/20220809_132622-1536x1152.jpg 1536w, https:\/\/aj-print-cut.si\/wp-content\/uploads\/2023\/10\/20220809_132622-2048x1536.jpg 2048w\" sizes=\"(max-width: 1024px) 100vw, 1024px\" \/>\t\t\t\t\t\t\t\t\t\t\t\t\t\t\t<\/div>\n\t\t\t\t<\/div>\n\t\t\t\t<div class=\"elementor-element elementor-element-7142fc7 elementor-widget elementor-widget-image\" data-id=\"7142fc7\" data-element_type=\"widget\" data-e-type=\"widget\" data-widget_type=\"image.default\">\n\t\t\t\t<div class=\"elementor-widget-container\">\n\t\t\t\t\t\t\t\t\t\t\t\t\t\t\t<img loading=\"lazy\" decoding=\"async\" width=\"1024\" height=\"768\" src=\"https:\/\/aj-print-cut.si\/wp-content\/uploads\/2023\/10\/20230315_162628-1024x768.jpg\" class=\"attachment-large size-large wp-image-679\" alt=\"\" srcset=\"https:\/\/aj-print-cut.si\/wp-content\/uploads\/2023\/10\/20230315_162628-1024x768.jpg 1024w, https:\/\/aj-print-cut.si\/wp-content\/uploads\/2023\/10\/20230315_162628-300x225.jpg 300w, https:\/\/aj-print-cut.si\/wp-content\/uploads\/2023\/10\/20230315_162628-768x576.jpg 768w, https:\/\/aj-print-cut.si\/wp-content\/uploads\/2023\/10\/20230315_162628-1536x1152.jpg 1536w, https:\/\/aj-print-cut.si\/wp-content\/uploads\/2023\/10\/20230315_162628-2048x1536.jpg 2048w\" sizes=\"(max-width: 1024px) 100vw, 1024px\" \/>\t\t\t\t\t\t\t\t\t\t\t\t\t\t\t<\/div>\n\t\t\t\t<\/div>\n\t\t\t\t<div class=\"elementor-element elementor-element-61589fb elementor-widget elementor-widget-image\" data-id=\"61589fb\" data-element_type=\"widget\" data-e-type=\"widget\" data-widget_type=\"image.default\">\n\t\t\t\t<div class=\"elementor-widget-container\">\n\t\t\t\t\t\t\t\t\t\t\t\t\t\t\t<img loading=\"lazy\" decoding=\"async\" width=\"1024\" height=\"768\" src=\"https:\/\/aj-print-cut.si\/wp-content\/uploads\/2023\/10\/20221005_093822-1024x768.jpg\" class=\"attachment-large size-large wp-image-683\" alt=\"\" srcset=\"https:\/\/aj-print-cut.si\/wp-content\/uploads\/2023\/10\/20221005_093822-1024x768.jpg 1024w, https:\/\/aj-print-cut.si\/wp-content\/uploads\/2023\/10\/20221005_093822-300x225.jpg 300w, https:\/\/aj-print-cut.si\/wp-content\/uploads\/2023\/10\/20221005_093822-768x576.jpg 768w, https:\/\/aj-print-cut.si\/wp-content\/uploads\/2023\/10\/20221005_093822-1536x1152.jpg 1536w, https:\/\/aj-print-cut.si\/wp-content\/uploads\/2023\/10\/20221005_093822-2048x1536.jpg 2048w\" sizes=\"(max-width: 1024px) 100vw, 1024px\" \/>\t\t\t\t\t\t\t\t\t\t\t\t\t\t\t<\/div>\n\t\t\t\t<\/div>\n\t\t\t\t\t<\/div>\n\t\t\t\t<\/div>\n\t\t<div class=\"elementor-element elementor-element-5781496 e-grid e-con-boxed e-con e-parent\" data-id=\"5781496\" data-element_type=\"container\" data-e-type=\"container\">\n\t\t\t\t\t<div class=\"e-con-inner\">\n\t\t\t\t<div class=\"elementor-element elementor-element-7406799 elementor-widget elementor-widget-image\" data-id=\"7406799\" data-element_type=\"widget\" data-e-type=\"widget\" data-widget_type=\"image.default\">\n\t\t\t\t<div class=\"elementor-widget-container\">\n\t\t\t\t\t\t\t\t\t\t\t\t\t\t\t<img loading=\"lazy\" decoding=\"async\" width=\"1024\" height=\"768\" src=\"https:\/\/aj-print-cut.si\/wp-content\/uploads\/2023\/10\/20230918_212159-1024x768.jpg\" class=\"attachment-large size-large wp-image-682\" alt=\"\" srcset=\"https:\/\/aj-print-cut.si\/wp-content\/uploads\/2023\/10\/20230918_212159-1024x768.jpg 1024w, https:\/\/aj-print-cut.si\/wp-content\/uploads\/2023\/10\/20230918_212159-300x225.jpg 300w, https:\/\/aj-print-cut.si\/wp-content\/uploads\/2023\/10\/20230918_212159-768x576.jpg 768w, https:\/\/aj-print-cut.si\/wp-content\/uploads\/2023\/10\/20230918_212159-1536x1152.jpg 1536w, https:\/\/aj-print-cut.si\/wp-content\/uploads\/2023\/10\/20230918_212159-2048x1536.jpg 2048w\" sizes=\"(max-width: 1024px) 100vw, 1024px\" \/>\t\t\t\t\t\t\t\t\t\t\t\t\t\t\t<\/div>\n\t\t\t\t<\/div>\n\t\t\t\t<div class=\"elementor-element elementor-element-92be9ac elementor-widget elementor-widget-image\" data-id=\"92be9ac\" data-element_type=\"widget\" data-e-type=\"widget\" data-widget_type=\"image.default\">\n\t\t\t\t<div class=\"elementor-widget-container\">\n\t\t\t\t\t\t\t\t\t\t\t\t\t\t\t<img loading=\"lazy\" decoding=\"async\" width=\"1024\" height=\"768\" src=\"https:\/\/aj-print-cut.si\/wp-content\/uploads\/2023\/10\/20230403_222004-1024x768.jpg\" class=\"attachment-large size-large wp-image-680\" alt=\"\" srcset=\"https:\/\/aj-print-cut.si\/wp-content\/uploads\/2023\/10\/20230403_222004-1024x768.jpg 1024w, https:\/\/aj-print-cut.si\/wp-content\/uploads\/2023\/10\/20230403_222004-300x225.jpg 300w, https:\/\/aj-print-cut.si\/wp-content\/uploads\/2023\/10\/20230403_222004-768x576.jpg 768w, https:\/\/aj-print-cut.si\/wp-content\/uploads\/2023\/10\/20230403_222004-1536x1152.jpg 1536w, https:\/\/aj-print-cut.si\/wp-content\/uploads\/2023\/10\/20230403_222004-2048x1536.jpg 2048w\" sizes=\"(max-width: 1024px) 100vw, 1024px\" \/>\t\t\t\t\t\t\t\t\t\t\t\t\t\t\t<\/div>\n\t\t\t\t<\/div>\n\t\t\t\t<div class=\"elementor-element elementor-element-2cfdd07 elementor-widget elementor-widget-image\" data-id=\"2cfdd07\" data-element_type=\"widget\" data-e-type=\"widget\" data-widget_type=\"image.default\">\n\t\t\t\t<div class=\"elementor-widget-container\">\n\t\t\t\t\t\t\t\t\t\t\t\t\t\t\t<img loading=\"lazy\" decoding=\"async\" width=\"1024\" height=\"768\" src=\"https:\/\/aj-print-cut.si\/wp-content\/uploads\/2023\/10\/20230531_181211-1024x768.jpg\" class=\"attachment-large size-large wp-image-681\" alt=\"\" srcset=\"https:\/\/aj-print-cut.si\/wp-content\/uploads\/2023\/10\/20230531_181211-1024x768.jpg 1024w, https:\/\/aj-print-cut.si\/wp-content\/uploads\/2023\/10\/20230531_181211-300x225.jpg 300w, https:\/\/aj-print-cut.si\/wp-content\/uploads\/2023\/10\/20230531_181211-768x576.jpg 768w, https:\/\/aj-print-cut.si\/wp-content\/uploads\/2023\/10\/20230531_181211-1536x1152.jpg 1536w, https:\/\/aj-print-cut.si\/wp-content\/uploads\/2023\/10\/20230531_181211-2048x1536.jpg 2048w\" sizes=\"(max-width: 1024px) 100vw, 1024px\" \/>\t\t\t\t\t\t\t\t\t\t\t\t\t\t\t<\/div>\n\t\t\t\t<\/div>\n\t\t\t\t\t<\/div>\n\t\t\t\t<\/div>\n\t\t\t\t<\/div>\n\t\t","protected":false},"excerpt":{"rendered":"<p>Poslovne vizitke so nepogre\u0161ljive pri vzpostavljanju kontaktov s poslovnim partnerje. Ponujamo klasi\u010dni tisk vizitk na 300g papirju,\u00a0 dimenzije 90X50 mm ali 85x55mm ali pa si velikost izberete sami. Lahko pa izstopate in stranki ponudite elegantno ALUMINIJASTO vizitko dimenzije 84x54mm, z metalizirano sivo podlago in zaobljenimi robovi. Izdelava vizitk je popolnoma odvisna od va\u0161ih zahtev in [&hellip;]<\/p>\n","protected":false},"author":1,"featured_media":0,"parent":0,"menu_order":0,"comment_status":"closed","ping_status":"closed","template":"","meta":{"_themeisle_gutenberg_block_has_review":false,"footnotes":""},"class_list":["post-931","page","type-page","status-publish","hentry"],"yoast_head":"<!-- This site is optimized with the Yoast SEO plugin v21.5 - https:\/\/yoast.com\/wordpress\/plugins\/seo\/ -->\n<title>Vizitke - AJ Print&amp;Cut<\/title>\n<meta name=\"robots\" content=\"index, follow, max-snippet:-1, max-image-preview:large, max-video-preview:-1\" \/>\n<link rel=\"canonical\" href=\"https:\/\/aj-print-cut.si\/index.php\/vizitke\/\" \/>\n<meta property=\"og:locale\" content=\"sl_SI\" \/>\n<meta property=\"og:type\" content=\"article\" \/>\n<meta property=\"og:title\" content=\"Vizitke - AJ Print&amp;Cut\" \/>\n<meta property=\"og:description\" content=\"Poslovne vizitke so nepogre\u0161ljive pri vzpostavljanju kontaktov s poslovnim partnerje. Ponujamo klasi\u010dni tisk vizitk na 300g papirju,\u00a0 dimenzije 90X50 mm ali 85x55mm ali pa si velikost izberete sami. Lahko pa izstopate in stranki ponudite elegantno ALUMINIJASTO vizitko dimenzije 84x54mm, z metalizirano sivo podlago in zaobljenimi robovi. Izdelava vizitk je popolnoma odvisna od va\u0161ih zahtev in [&hellip;]\" \/>\n<meta property=\"og:url\" content=\"https:\/\/aj-print-cut.si\/index.php\/vizitke\/\" \/>\n<meta property=\"og:site_name\" content=\"AJ Print&amp;Cut\" \/>\n<meta property=\"article:modified_time\" content=\"2023-10-02T18:19:06+00:00\" \/>\n<meta property=\"og:image\" content=\"https:\/\/aj-print-cut.si\/wp-content\/uploads\/2023\/10\/20230219_233219-1024x768.jpg\" \/>\n<meta name=\"twitter:card\" content=\"summary_large_image\" \/>\n<meta name=\"twitter:label1\" content=\"Est. reading time\" \/>\n\t<meta name=\"twitter:data1\" content=\"3 minute\" \/>\n<script type=\"application\/ld+json\" class=\"yoast-schema-graph\">{\"@context\":\"https:\/\/schema.org\",\"@graph\":[{\"@type\":\"WebPage\",\"@id\":\"https:\/\/aj-print-cut.si\/index.php\/vizitke\/\",\"url\":\"https:\/\/aj-print-cut.si\/index.php\/vizitke\/\",\"name\":\"Vizitke - AJ Print&amp;Cut\",\"isPartOf\":{\"@id\":\"https:\/\/aj-print-cut.si\/#website\"},\"datePublished\":\"2023-10-02T17:56:17+00:00\",\"dateModified\":\"2023-10-02T18:19:06+00:00\",\"breadcrumb\":{\"@id\":\"https:\/\/aj-print-cut.si\/index.php\/vizitke\/#breadcrumb\"},\"inLanguage\":\"sl-SI\",\"potentialAction\":[{\"@type\":\"ReadAction\",\"target\":[\"https:\/\/aj-print-cut.si\/index.php\/vizitke\/\"]}]},{\"@type\":\"BreadcrumbList\",\"@id\":\"https:\/\/aj-print-cut.si\/index.php\/vizitke\/#breadcrumb\",\"itemListElement\":[{\"@type\":\"ListItem\",\"position\":1,\"name\":\"Home\",\"item\":\"https:\/\/aj-print-cut.si\/\"},{\"@type\":\"ListItem\",\"position\":2,\"name\":\"Vizitke\"}]},{\"@type\":\"WebSite\",\"@id\":\"https:\/\/aj-print-cut.si\/#website\",\"url\":\"https:\/\/aj-print-cut.si\/\",\"name\":\"AJ Print&amp;Cut\",\"description\":\"Tiskarske storitve\",\"potentialAction\":[{\"@type\":\"SearchAction\",\"target\":{\"@type\":\"EntryPoint\",\"urlTemplate\":\"https:\/\/aj-print-cut.si\/?s={search_term_string}\"},\"query-input\":\"required name=search_term_string\"}],\"inLanguage\":\"sl-SI\"}]}<\/script>\n<!-- \/ Yoast SEO plugin. -->","yoast_head_json":{"title":"Vizitke - AJ Print&amp;Cut","robots":{"index":"index","follow":"follow","max-snippet":"max-snippet:-1","max-image-preview":"max-image-preview:large","max-video-preview":"max-video-preview:-1"},"canonical":"https:\/\/aj-print-cut.si\/index.php\/vizitke\/","og_locale":"sl_SI","og_type":"article","og_title":"Vizitke - AJ Print&amp;Cut","og_description":"Poslovne vizitke so nepogre\u0161ljive pri vzpostavljanju kontaktov s poslovnim partnerje. Ponujamo klasi\u010dni tisk vizitk na 300g papirju,\u00a0 dimenzije 90X50 mm ali 85x55mm ali pa si velikost izberete sami. Lahko pa izstopate in stranki ponudite elegantno ALUMINIJASTO vizitko dimenzije 84x54mm, z metalizirano sivo podlago in zaobljenimi robovi. Izdelava vizitk je popolnoma odvisna od va\u0161ih zahtev in [&hellip;]","og_url":"https:\/\/aj-print-cut.si\/index.php\/vizitke\/","og_site_name":"AJ Print&amp;Cut","article_modified_time":"2023-10-02T18:19:06+00:00","og_image":[{"url":"https:\/\/aj-print-cut.si\/wp-content\/uploads\/2023\/10\/20230219_233219-1024x768.jpg"}],"twitter_card":"summary_large_image","twitter_misc":{"Est. reading time":"3 minute"},"schema":{"@context":"https:\/\/schema.org","@graph":[{"@type":"WebPage","@id":"https:\/\/aj-print-cut.si\/index.php\/vizitke\/","url":"https:\/\/aj-print-cut.si\/index.php\/vizitke\/","name":"Vizitke - AJ Print&amp;Cut","isPartOf":{"@id":"https:\/\/aj-print-cut.si\/#website"},"datePublished":"2023-10-02T17:56:17+00:00","dateModified":"2023-10-02T18:19:06+00:00","breadcrumb":{"@id":"https:\/\/aj-print-cut.si\/index.php\/vizitke\/#breadcrumb"},"inLanguage":"sl-SI","potentialAction":[{"@type":"ReadAction","target":["https:\/\/aj-print-cut.si\/index.php\/vizitke\/"]}]},{"@type":"BreadcrumbList","@id":"https:\/\/aj-print-cut.si\/index.php\/vizitke\/#breadcrumb","itemListElement":[{"@type":"ListItem","position":1,"name":"Home","item":"https:\/\/aj-print-cut.si\/"},{"@type":"ListItem","position":2,"name":"Vizitke"}]},{"@type":"WebSite","@id":"https:\/\/aj-print-cut.si\/#website","url":"https:\/\/aj-print-cut.si\/","name":"AJ Print&amp;Cut","description":"Tiskarske storitve","potentialAction":[{"@type":"SearchAction","target":{"@type":"EntryPoint","urlTemplate":"https:\/\/aj-print-cut.si\/?s={search_term_string}"},"query-input":"required name=search_term_string"}],"inLanguage":"sl-SI"}]}},"_links":{"self":[{"href":"https:\/\/aj-print-cut.si\/index.php\/wp-json\/wp\/v2\/pages\/931","targetHints":{"allow":["GET"]}}],"collection":[{"href":"https:\/\/aj-print-cut.si\/index.php\/wp-json\/wp\/v2\/pages"}],"about":[{"href":"https:\/\/aj-print-cut.si\/index.php\/wp-json\/wp\/v2\/types\/page"}],"author":[{"embeddable":true,"href":"https:\/\/aj-print-cut.si\/index.php\/wp-json\/wp\/v2\/users\/1"}],"replies":[{"embeddable":true,"href":"https:\/\/aj-print-cut.si\/index.php\/wp-json\/wp\/v2\/comments?post=931"}],"version-history":[{"count":6,"href":"https:\/\/aj-print-cut.si\/index.php\/wp-json\/wp\/v2\/pages\/931\/revisions"}],"predecessor-version":[{"id":946,"href":"https:\/\/aj-print-cut.si\/index.php\/wp-json\/wp\/v2\/pages\/931\/revisions\/946"}],"wp:attachment":[{"href":"https:\/\/aj-print-cut.si\/index.php\/wp-json\/wp\/v2\/media?parent=931"}],"curies":[{"name":"wp","href":"https:\/\/api.w.org\/{rel}","templated":true}]}}